{"id":669,"date":"2018-09-04T21:40:32","date_gmt":"2018-09-04T19:40:32","guid":{"rendered":"http:\/\/dance.miriam-schroth.de\/?page_id=669"},"modified":"2025-04-07T21:33:14","modified_gmt":"2025-04-07T19:33:14","slug":"benami-tribal","status":"publish","type":"page","link":"https:\/\/dance.miriam-schroth.de\/de\/benami-tribal\/","title":{"rendered":"BeNaMi &#038; Friends"},"content":{"rendered":"<div class=\"_2cuy _3dgx _2vxa\">Ehemals Tribe Bedin bestehen seit mittlerweile 2014. Damals noch zu zwei, trafen wir bei Workshops auf andere Mitt\u00e4nzer*innen, von denen auch einige zu gute Freund*innen wurden.<\/div>\n<div><\/div>\n<div class=\"_2cuy _3dgx _2vxa\">In den letzten Jahren haben wir uns als Herzenst\u00e4nzerinnen mit unserer dritten im Bunde zusammen gelebt. Seit Anfang 2018 sind wir nun als BeNaMi Tribal unterwegs.<\/div>\n<div class=\"_2cuy _3dgx _2vxa\">Und 2022 sind wir nun BeNaMi &amp; Friends, da wir uns gerne Verst\u00e4rkung von befreundeten T\u00e4nzer*innen mit auf die B\u00fchne bringen.<\/div>\n<div><\/div>\n<div class=\"_2cuy _3dgx _2vxa\">Wir tanzen FatChance\u00ae Style mit Movement Dialects und sind in Westfalen beheimatet.<\/div>\n<div>Gerne treten wir auf, mehr dazu unter <a href=\"http:\/\/dance.miriam-schroth.de\/buchungsanfragen\/\">Buchungsanfragen<\/a>.<\/div>\n<div><\/div>\n<div><span style=\"font-size: revert;\">Wir freuen uns!<\/span><\/div>\n<div>\n<p><a href=\"https:\/\/www.facebook.com\/BeNaMiTribal\/\" target=\"_blank\" rel=\"noopener\"><img loading=\"lazy\" decoding=\"async\" class=\"alignnone wp-image-539\" src=\"http:\/\/dance.miriam-schroth.de\/wp-content\/uploads\/2017\/11\/facebook_button_png_by_ockre-d3gok5y-300x300.png\" alt=\"\" width=\"50\" height=\"50\" srcset=\"https:\/\/dance.miriam-schroth.de\/wp-content\/uploads\/2017\/11\/facebook_button_png_by_ockre-d3gok5y-300x300.png 300w, https:\/\/dance.miriam-schroth.de\/wp-content\/uploads\/2017\/11\/facebook_button_png_by_ockre-d3gok5y-150x150.png 150w, https:\/\/dance.miriam-schroth.de\/wp-content\/uploads\/2017\/11\/facebook_button_png_by_ockre-d3gok5y.png 600w\" sizes=\"auto, (max-width: 50px) 100vw, 50px\" \/><\/a><\/p>\n<\/div>\n","protected":false},"excerpt":{"rendered":"<p>Ehemals Tribe Bedin bestehen seit mittlerweile 2014. Damals noch zu zwei, trafen wir bei Workshops auf andere Mitt\u00e4nzer*innen, von denen auch einige zu gute Freund*innen wurden. In den letzten Jahren&#8230; <\/p>\n<div class=\"link-more\"><a href=\"https:\/\/dance.miriam-schroth.de\/de\/benami-tribal\/\">Weiterlesen<\/a><\/div>\n","protected":false},"author":1,"featured_media":675,"parent":0,"menu_order":0,"comment_status":"closed","ping_status":"closed","template":"","meta":{"footnotes":""},"class_list":["post-669","page","type-page","status-publish","has-post-thumbnail","hentry"],"translation":{"provider":"WPGlobus","version":"3.0.0","language":"de","enabled_languages":["en","de"],"languages":{"en":{"title":true,"content":true,"excerpt":false},"de":{"title":false,"content":false,"excerpt":false}}},"_links":{"self":[{"href":"https:\/\/dance.miriam-schroth.de\/de\/wp-json\/wp\/v2\/pages\/669","targetHints":{"allow":["GET"]}}],"collection":[{"href":"https:\/\/dance.miriam-schroth.de\/de\/wp-json\/wp\/v2\/pages"}],"about":[{"href":"https:\/\/dance.miriam-schroth.de\/de\/wp-json\/wp\/v2\/types\/page"}],"author":[{"embeddable":true,"href":"https:\/\/dance.miriam-schroth.de\/de\/wp-json\/wp\/v2\/users\/1"}],"replies":[{"embeddable":true,"href":"https:\/\/dance.miriam-schroth.de\/de\/wp-json\/wp\/v2\/comments?post=669"}],"version-history":[{"count":11,"href":"https:\/\/dance.miriam-schroth.de\/de\/wp-json\/wp\/v2\/pages\/669\/revisions"}],"predecessor-version":[{"id":1610,"href":"https:\/\/dance.miriam-schroth.de\/de\/wp-json\/wp\/v2\/pages\/669\/revisions\/1610"}],"wp:featuredmedia":[{"embeddable":true,"href":"https:\/\/dance.miriam-schroth.de\/de\/wp-json\/wp\/v2\/media\/675"}],"wp:attachment":[{"href":"https:\/\/dance.miriam-schroth.de\/de\/wp-json\/wp\/v2\/media?parent=669"}],"curies":[{"name":"wp","href":"https:\/\/api.w.org\/{rel}","templated":true}]}}