{"id":52,"date":"2016-05-27T17:39:48","date_gmt":"2016-05-27T15:39:48","guid":{"rendered":"http:\/\/dance.miriam-schroth.de\/?page_id=52"},"modified":"2022-09-04T15:11:32","modified_gmt":"2022-09-04T13:11:32","slug":"home","status":"publish","type":"page","link":"https:\/\/dance.miriam-schroth.de\/de\/","title":{"rendered":"HOME"},"content":{"rendered":"<p>Herzlich Willkommen auf meiner Website,<\/p>\n<p>und sch\u00f6n das du den Weg zu mir gefunden hast. Ich bin Miriam und wenn du mehr \u00fcber mich erfahren m\u00f6chtest, dann schau doch mal auf meiner <a href=\"http:\/\/dance.miriam-schroth.de\/ueber-mich\/\">\u00fcber mich<\/a>&#8211; Seite vorbei.<\/p>\n<p>Viele Wegen f\u00fchren auf eine Webseite. Auf diese hoffentlich die Neugierde auf FatChance\u00ae Style. Egal ob du gerne wissen m\u00f6chtest was FatChance\u00ae Style ist, du Interesse an Unterricht hast oder vielleicht T\u00e4nzer*innen suchst die bei einer dir bekannten Gelegenheit auftreten.<\/p>\n<p>Was ist FatChance\u00ae Style \u00fcberhaupt? Wir tanzen ein improvisierten Gruppentanz mit einem festen Schritt- und Formationsvokabular, entstanden aus dem orientalischen Tanz, gepaart mit Bewegungen aus dem Indischen Tanz, Flamenco und Folklore rund ums Mittelmeer. Je mehr T\u00e4nzer*innen, um so gr\u00f6\u00dfer das Vergn\u00fcgen und der Spa\u00df f\u00fcr den Zuschauer und f\u00fcr uns.<\/p>\n<p>Dies kannst du alles hier finden!&nbsp;Also, viel Spa\u00df beim St\u00f6bern.<\/p>\n<p>Und scheu dich nicht, <a href=\"http:\/\/dance.miriam-schroth.de\/kontakt\/\">Kontakt<\/a> mit mir aufzunehmen, wenn du Interesse an Unterricht oder einem Auftritt hast.<\/p>\n<p>Viele Gr\u00fc\u00dfe<\/p>\n<p>Miriam<\/p>\n","protected":false},"excerpt":{"rendered":"<p>Herzlich Willkommen auf meiner Website, und sch\u00f6n das du den Weg zu mir gefunden hast. Ich bin Miriam und wenn du mehr \u00fcber mich erfahren m\u00f6chtest, dann schau doch mal&#8230; <\/p>\n<div class=\"link-more\"><a href=\"https:\/\/dance.miriam-schroth.de\/de\/\">Weiterlesen<\/a><\/div>\n","protected":false},"author":1,"featured_media":0,"parent":0,"menu_order":0,"comment_status":"closed","ping_status":"closed","template":"","meta":{"footnotes":""},"class_list":["post-52","page","type-page","status-publish","hentry"],"translation":{"provider":"WPGlobus","version":"3.0.0","language":"de","enabled_languages":["en","de"],"languages":{"en":{"title":true,"content":true,"excerpt":false},"de":{"title":false,"content":false,"excerpt":false}}},"_links":{"self":[{"href":"https:\/\/dance.miriam-schroth.de\/de\/wp-json\/wp\/v2\/pages\/52","targetHints":{"allow":["GET"]}}],"collection":[{"href":"https:\/\/dance.miriam-schroth.de\/de\/wp-json\/wp\/v2\/pages"}],"about":[{"href":"https:\/\/dance.miriam-schroth.de\/de\/wp-json\/wp\/v2\/types\/page"}],"author":[{"embeddable":true,"href":"https:\/\/dance.miriam-schroth.de\/de\/wp-json\/wp\/v2\/users\/1"}],"replies":[{"embeddable":true,"href":"https:\/\/dance.miriam-schroth.de\/de\/wp-json\/wp\/v2\/comments?post=52"}],"version-history":[{"count":13,"href":"https:\/\/dance.miriam-schroth.de\/de\/wp-json\/wp\/v2\/pages\/52\/revisions"}],"predecessor-version":[{"id":1215,"href":"https:\/\/dance.miriam-schroth.de\/de\/wp-json\/wp\/v2\/pages\/52\/revisions\/1215"}],"wp:attachment":[{"href":"https:\/\/dance.miriam-schroth.de\/de\/wp-json\/wp\/v2\/media?parent=52"}],"curies":[{"name":"wp","href":"https:\/\/api.w.org\/{rel}","templated":true}]}}