{"id":42,"date":"2016-05-27T17:22:33","date_gmt":"2016-05-27T15:22:33","guid":{"rendered":"http:\/\/dance.miriam-schroth.de\/?page_id=42"},"modified":"2025-04-08T12:12:10","modified_gmt":"2025-04-08T10:12:10","slug":"ueber-mich","status":"publish","type":"page","link":"https:\/\/dance.miriam-schroth.de\/de\/ueber-mich\/","title":{"rendered":"\u00dcBER MICH"},"content":{"rendered":"<p>Ich bin Miriam, weltoffen, verst\u00e4ndnisvoll und liebe Menschen die eine Passion haben. Meine ist FatChance\u00ae Style von <a href=\"https:\/\/fcbd.com\">Carolena Nericcio<\/a>. Und damit ist auch verbunden, das ich gerne reise.<br \/>Hauptberuflich bin ich unteranderem bei eine Kunststiftung angestellt, haupts\u00e4chlich f\u00fcrs Mediendesign, und als weiteren kreativen Bereich unterrichte bin ich Tanzlehrerin f\u00fcr FatChance\u00ae Style.<\/p>\n<p>Seit Oktober 2010 tanze ich\u00a0<a href=\"http:\/\/fcbd.com\/fcbd-homepage\/\" target=\"_blank\" rel=\"noopener noreferrer\">FatChance\u00ae Style<\/a>\u00a0nach Carolena Nericcio. War Gruppenmitglied bei Amaranth Tribal und Maidendanz. Und aktuell Mitglied bei <a href=\"http:\/\/dance.miriam-schroth.de\/benami-tribal\/\">BeNaMi &amp; Friends<\/a>, die aus Mitglieder- und G\u00e4st-T\u00e4nzer*innen besteht, und der internationalen Auftrittsgruppe Panacea \u2013 healing through dance von <a href=\"https:\/\/www.kalash-tribal.com\">Kelley Beeston<\/a>, bestehend aus elf T\u00e4nzer*innen aus sieben Nationen, die sich w\u00e4hrend der Pandemie online gefunden haben. Die Gemeinschaft \u00fcber das Tanzen hinaus, ist mir sehr wichtig.<\/p>\n<p>Im Winter 2016\/2017 habe ich die Lehrer-Fortbildung f\u00fcr das Format Neas Fundamentals bei Gabriele Keiner absolviert und gebe seit 2017 Unterricht, Coaching und Workshops.<br \/>Im Sommer 2017 hatte ich die gro\u00dfe Ehre bei Carolena Nericcio und Megha Gavin\u2020 die General Skills Ausbildung und das Teacher Training absolvieren zu d\u00fcrfen und bin seit dem zertifizierte FCBD\u00ae Style Dozentin und zertifiziertes Partner Studio.<\/p>\n<p>Neben das ich selbst unterrichte, hoste ich auch andere Dozent*innen. Darunter waren bereits Virginie Violett aus Freiburg, Gabriele Keiner aus Dillenburg und Kelley Beeston aus Devon, UK.<br \/>Und in der Pandemie 2021 hatte ich die Chance Carolena und ihr Dozentinnen Team bei der Planung der 2. Online General Skills zu unterst\u00fctzen, da das Live-Event von 2020 auf 2021 und schlu\u00dfendlich auf 2022 verschoben worden war.<br \/>2022 war es im Sommer dann endlich soweit, das neben Carolena, DeAnna Padron Freeman und Kelley Beeston zum unterrichten angereist waren, so wie an die 70 Frauen aus fast 20 Nationen um die General Skills Ausbildung und das Teacher Training zu absolvieren. Viele Gl\u00fcckliche Gesichter haben Soest nach dieser spannenden Woche verlassen.<\/p>\n<p>Da die FatChance\u00ae Style European Summer School so gut angekommen war, gab es 2024 eine weiter Auflage. Diesmal mit vier Ausbildungskursen: General Skills, Teacher Training, Training for Teachers und Advanced Teacher Training und wieder in Kooperation mit Carolena Nericcio, DeAnna Padron Freeman und Kelley Beeston. Seit dem darf ich mich nun auch als Absolventin des Advanced Teacher Training bezeichnen, an dem ausgesuchte Lehrer*innen aus fast der ganzen Welt teilgenommen haben.<\/p>\n<p>In den letzten Jahren habe ich div. Workshops bei den verschiedensten Dozent*innen aus dem FatChance\u00ae Bereich besucht und eine Menge f\u00fcr mich mitnehmen k\u00f6nnen.<br \/>Darunter <a href=\"http:\/\/fromthebellyofatraveler.com\/\">Kristine Adams<\/a> | <a href=\"https:\/\/www.facebook.com\/Wendy-Allen-1414906958728201\/\">Wendy Allen<\/a> | <a href=\"https:\/\/www.kalash-tribal.com\">Kelley Beeston<\/a> |\u00a0<a href=\"http:\/\/www.gabriellas-tribal.de\/\">Gabriele Keiner<\/a> | <a href=\"https:\/\/www.facebook.com\/anita.lalwani.71\">Anita Lalwani<\/a> | <a href=\"http:\/\/ghawazicaravan.com\/\">Devi Mamak<\/a> | <a href=\"http:\/\/www.firewatercollective.com\/?fbclid=IwAR0dqoOzcnY2Vkv0jFstsJHY8s0uTBGf4rHxLtgLvYq4Mx6vZVEW5PCSovE\">Philippa Moirai<\/a> | <a href=\"http:\/\/www.naina.dance\" target=\"_blank\" rel=\"noopener noreferrer\">Nina &#8218;Naina&#8216; Raffelt<\/a>\u00a0| <a href=\"http:\/\/www.martha-ats-dancer.de\/\">Martha Saunders<\/a> | <a href=\"https:\/\/atswithkathy.dance\">Kathy Stahlman<\/a>\u00a0|\u00a0<a href=\"http:\/\/www.tribal-freiburg.de\/\">Virginie Violett<\/a> und jede Menge Freundschaft in und Rund um die FCBD\u00ae Style Szene sind entstanden.<\/p>\n<p>Du m\u00f6chtest gerne wissen, wie und wo ich unterrichte?<br \/>Dann nimm gerne <a href=\"http:\/\/dance.miriam-schroth.de\/kontakt\/\">Kontakt<\/a> mit mir auf.<br \/>Events und Auftritte findest du <a href=\"http:\/\/dance.miriam-schroth.de\/kalender\/list\/\">hier<\/a>.<\/p>\n\n\n<p><\/p>\n","protected":false},"excerpt":{"rendered":"<p>Ich bin Miriam, weltoffen, verst\u00e4ndnisvoll und liebe Menschen die eine Passion haben. Meine ist FatChance\u00ae Style von Carolena Nericcio. Und damit ist auch verbunden, das ich gerne reise.Hauptberuflich bin ich&#8230; <\/p>\n<div class=\"link-more\"><a href=\"https:\/\/dance.miriam-schroth.de\/de\/ueber-mich\/\">Weiterlesen<\/a><\/div>\n","protected":false},"author":1,"featured_media":44,"parent":0,"menu_order":1,"comment_status":"closed","ping_status":"closed","template":"","meta":{"footnotes":""},"class_list":["post-42","page","type-page","status-publish","has-post-thumbnail","hentry"],"translation":{"provider":"WPGlobus","version":"3.0.0","language":"de","enabled_languages":["en","de"],"languages":{"en":{"title":true,"content":true,"excerpt":false},"de":{"title":false,"content":false,"excerpt":false}}},"_links":{"self":[{"href":"https:\/\/dance.miriam-schroth.de\/de\/wp-json\/wp\/v2\/pages\/42","targetHints":{"allow":["GET"]}}],"collection":[{"href":"https:\/\/dance.miriam-schroth.de\/de\/wp-json\/wp\/v2\/pages"}],"about":[{"href":"https:\/\/dance.miriam-schroth.de\/de\/wp-json\/wp\/v2\/types\/page"}],"author":[{"embeddable":true,"href":"https:\/\/dance.miriam-schroth.de\/de\/wp-json\/wp\/v2\/users\/1"}],"replies":[{"embeddable":true,"href":"https:\/\/dance.miriam-schroth.de\/de\/wp-json\/wp\/v2\/comments?post=42"}],"version-history":[{"count":29,"href":"https:\/\/dance.miriam-schroth.de\/de\/wp-json\/wp\/v2\/pages\/42\/revisions"}],"predecessor-version":[{"id":1612,"href":"https:\/\/dance.miriam-schroth.de\/de\/wp-json\/wp\/v2\/pages\/42\/revisions\/1612"}],"wp:featuredmedia":[{"embeddable":true,"href":"https:\/\/dance.miriam-schroth.de\/de\/wp-json\/wp\/v2\/media\/44"}],"wp:attachment":[{"href":"https:\/\/dance.miriam-schroth.de\/de\/wp-json\/wp\/v2\/media?parent=42"}],"curies":[{"name":"wp","href":"https:\/\/api.w.org\/{rel}","templated":true}]}}