{"id":127,"date":"2016-05-31T00:25:36","date_gmt":"2016-05-30T22:25:36","guid":{"rendered":"http:\/\/dance.miriam-schroth.de\/?page_id=127"},"modified":"2022-09-04T15:09:39","modified_gmt":"2022-09-04T13:09:39","slug":"buchungsanfragen","status":"publish","type":"page","link":"https:\/\/dance.miriam-schroth.de\/de\/buchungsanfragen\/","title":{"rendered":"BUCHUNGSANFRAGEN"},"content":{"rendered":"<p>Wir tanzen einen improvisierten Gruppentanz mit einem festen Schrittvokabular, entstanden aus dem orientalischen Tanz, gepaart mit Bewegungen aus dem Indischen Tanz, Flamenco und nordafrikanischer Folklore. Je mehr T\u00e4nzer*innen, um so gr\u00f6\u00dfer das Vergn\u00fcgen und der Spa\u00df f\u00fcr den Zuschauer und f\u00fcr uns.<\/p>\n<p>Du m\u00f6chtest uns gerne live sehen, dann schauen bitte <a href=\"http:\/\/dance.miriam-schroth.de\/veranstaltungen\/kategorie\/oeffentlicher-auftritt\/\">hier<\/a> vorbei ob etwas geplant ist oder nimm gerne <a href=\"http:\/\/dance.miriam-schroth.de\/kontakt\/\">Kontakt<\/a> mit mir f\u00fcr eine Buchungsanfrage auf. Bis dahin kannst du dir gerne Videos auf dem <a href=\"https:\/\/www.youtube.com\/playlist?list=PLhxp96frDMnEVvyZLFS3kbmQ0ARBC-feH\">YouTube-Kanal<\/a> ansehen.<\/p>\n<p>Wir freuen uns!<\/p>\n","protected":false},"excerpt":{"rendered":"<p>Wir tanzen einen improvisierten Gruppentanz mit einem festen Schrittvokabular, entstanden aus dem orientalischen Tanz, gepaart mit Bewegungen aus dem Indischen Tanz, Flamenco und nordafrikanischer Folklore. Je mehr T\u00e4nzer*innen, um so&#8230; <\/p>\n<div class=\"link-more\"><a href=\"https:\/\/dance.miriam-schroth.de\/de\/buchungsanfragen\/\">Weiterlesen<\/a><\/div>\n","protected":false},"author":1,"featured_media":676,"parent":0,"menu_order":5,"comment_status":"closed","ping_status":"closed","template":"","meta":{"footnotes":""},"class_list":["post-127","page","type-page","status-publish","has-post-thumbnail","hentry"],"translation":{"provider":"WPGlobus","version":"3.0.0","language":"de","enabled_languages":["en","de"],"languages":{"en":{"title":true,"content":true,"excerpt":false},"de":{"title":false,"content":false,"excerpt":false}}},"_links":{"self":[{"href":"https:\/\/dance.miriam-schroth.de\/de\/wp-json\/wp\/v2\/pages\/127","targetHints":{"allow":["GET"]}}],"collection":[{"href":"https:\/\/dance.miriam-schroth.de\/de\/wp-json\/wp\/v2\/pages"}],"about":[{"href":"https:\/\/dance.miriam-schroth.de\/de\/wp-json\/wp\/v2\/types\/page"}],"author":[{"embeddable":true,"href":"https:\/\/dance.miriam-schroth.de\/de\/wp-json\/wp\/v2\/users\/1"}],"replies":[{"embeddable":true,"href":"https:\/\/dance.miriam-schroth.de\/de\/wp-json\/wp\/v2\/comments?post=127"}],"version-history":[{"count":18,"href":"https:\/\/dance.miriam-schroth.de\/de\/wp-json\/wp\/v2\/pages\/127\/revisions"}],"predecessor-version":[{"id":1213,"href":"https:\/\/dance.miriam-schroth.de\/de\/wp-json\/wp\/v2\/pages\/127\/revisions\/1213"}],"wp:featuredmedia":[{"embeddable":true,"href":"https:\/\/dance.miriam-schroth.de\/de\/wp-json\/wp\/v2\/media\/676"}],"wp:attachment":[{"href":"https:\/\/dance.miriam-schroth.de\/de\/wp-json\/wp\/v2\/media?parent=127"}],"curies":[{"name":"wp","href":"https:\/\/api.w.org\/{rel}","templated":true}]}}